{"id":596,"date":"2022-01-11T17:45:09","date_gmt":"2022-01-11T16:45:09","guid":{"rendered":"https:\/\/wordpress.vecurosoft.com\/kundax\/?page_id=596"},"modified":"2024-09-12T18:18:37","modified_gmt":"2024-09-12T18:18:37","slug":"about","status":"publish","type":"page","link":"https:\/\/yudydaycare.com\/es\/about\/","title":{"rendered":"Acerca de"},"content":{"rendered":"<div data-elementor-type=\"wp-page\" data-elementor-id=\"596\" class=\"elementor elementor-596\">\n\t\t\t\t\t\t<section class=\"elementor-section elementor-top-section elementor-element elementor-element-e841e5a elementor-section-full_width elementor-section-height-default elementor-section-height-default\" data-id=\"e841e5a\" data-element_type=\"section\" data-e-type=\"section\">\n\t\t\t\t\t\t<div class=\"elementor-container elementor-column-gap-no\">\n\t\t\t\t\t<div class=\"elementor-column elementor-col-100 elementor-top-column elementor-element elementor-element-64317d6\" data-id=\"64317d6\" data-element_type=\"column\" data-e-type=\"column\">\n\t\t\t<div class=\"elementor-widget-wrap elementor-element-populated\">\n\t\t\t\t\t\t<div class=\"elementor-element elementor-element-60d02ba elementor-widget elementor-widget-kundaxaboutuswidget\" data-id=\"60d02ba\" data-element_type=\"widget\" data-e-type=\"widget\" data-widget_type=\"kundaxaboutuswidget.default\">\n\t\t\t\t<div class=\"elementor-widget-container\">\n\t\t\t\t\t<!-----------------------Start About Us Area-----------------------><div class=\"about-section space\"><div class=\"container\"><div class=\"row align-items-center gy-30\"><div class=\"col-lg-6 wow fadeInLeft\" data-wow-delay=\"0.2s\"><div class=\"img-box-2\"><img decoding=\"async\" src=\"http:\/\/yudydaycare.com\/wp-content\/uploads\/2023\/12\/simple1-1.jpg\" alt=\"simple1 1\"  \/><\/div><\/div><div class=\"col-lg-5 wow fadeInRight\" data-wow-delay=\"0.2s\"><div class=\"text-center text-lg-start\"><span class=\"sub-title\">Acerca de Yudy Daycar<\/span><h2 class=\"sec-title big-title\">Cuidados especiales para sus hijos<\/h2><p class=\"fs-md mb-30\"><p>Bienvenido a Yudy Daycare, donde hemos estado nutriendo y educando las mentes j\u00f3venes por m\u00e1s de 12 a\u00f1os. Situado en el coraz\u00f3n del Bronx en 1020 Gerard Avenue 3F, nuestra guarder\u00eda ofrece un ambiente seguro, divertido y enriquecedor para sus hijos.<\/p><p>En Yudy Daycare, nos enorgullecemos del toque personal que aportamos al cuidado de los ni\u00f1os. Nuestro equipo est\u00e1 formado personalmente y aporta a\u00f1os de experiencia pr\u00e1ctica para garantizar que su hijo reciba la mejor atenci\u00f3n posible. Nos centramos en la creaci\u00f3n de un ambiente de apoyo y participaci\u00f3n donde los ni\u00f1os pueden prosperar, aprender y crecer.<\/p><p>Abrimos de lunes a viernes, de 8.00 a 18.00 horas, y ofrecemos servicios de guarder\u00eda flexibles para satisfacer las necesidades de las familias ocupadas. Tanto si su hijo est\u00e1 con nosotros todo el d\u00eda o solo parte de \u00e9l, nos comprometemos a proporcionarle una atenci\u00f3n de alta calidad que favorezca su desarrollo.<\/p><p>No dude en ponerse en contacto con nosotros en info@yudydaycare.com o ll\u00e1menos al 929-261-9809 para obtener m\u00e1s informaci\u00f3n o para programar una visita.<\/p><p>En la guarder\u00eda Yudy, nos esforzamos por proporcionar la mejor atenci\u00f3n a sus hijos, ayud\u00e1ndoles a construir los cimientos de un futuro brillante.<\/p><p>Esperamos poder darle la bienvenida a la familia Yudy Daycare.<\/p><\/p><a href=\"https:\/\/yudydaycare.com\/es\/contact\/\" class=\"vs-btn wave-btn style-1\">P\u00f3ngase en contacto con nosotros<\/a><\/div><\/div><\/div><\/div><div class=\"shape-mockup shapePulse d-none d-hd-block\" data-bottom=\"40%\" data-left=\"6%\"><img decoding=\"async\" src=\"http:\/\/yudydaycare.com\/wp-content\/uploads\/2022\/01\/dog.png\" alt=\"Yudy Day Care\"><\/div><div class=\"shape-mockup rotate d-none d-md-block\" data-bottom=\"40%\" data-right=\"6%\"><img decoding=\"async\" src=\"https:\/\/wordpress.vecurosoft.com\/knirpse\/wp-content\/uploads\/2022\/01\/star.png\" alt=\"Yudy Day Care\"><\/div><\/div><!-----------------------End About Us Area----------------------->\t\t\t\t<\/div>\n\t\t\t\t<\/div>\n\t\t\t\t\t<\/div>\n\t\t<\/div>\n\t\t\t\t\t<\/div>\n\t\t<\/section>\n\t\t\t\t<section class=\"elementor-section elementor-top-section elementor-element elementor-element-dc3c445 elementor-section-full_width elementor-section-height-default elementor-section-height-default\" data-id=\"dc3c445\" data-element_type=\"section\" data-e-type=\"section\">\n\t\t\t\t\t\t<div class=\"elementor-container elementor-column-gap-no\">\n\t\t\t\t\t<div class=\"elementor-column elementor-col-100 elementor-top-column elementor-element elementor-element-0a4d9ae\" data-id=\"0a4d9ae\" data-element_type=\"column\" data-e-type=\"column\">\n\t\t\t<div class=\"elementor-widget-wrap elementor-element-populated\">\n\t\t\t\t\t\t<div class=\"elementor-element elementor-element-6047e40 elementor-widget elementor-widget-kundaxteammember\" data-id=\"6047e40\" data-element_type=\"widget\" data-e-type=\"widget\" data-widget_type=\"kundaxteammember.default\">\n\t\t\t\t<div class=\"elementor-widget-container\">\n\t\t\t\t\t<!-----------------------Start Team Area-----------------------><div class=\"team-section bg-smoke space-top space-extra-bottom arrow-wrap\"><div class=\"container\"><div class=\"row text-center justify-content-center wow fadeInUp\" data-wow-delay=\"0.2s\"><div class=\"col-xl-6 col-lg-7 col-md-8 col-sm-9\"><div class=\"title-area\"><span class=\"sub-title\">Nuestro personal experto<\/span><h2 class=\"sec-title\">El personal m\u00e1s dedicado a su hijo<\/h2><\/div><\/div><\/div><div class=\"row  team-carousel\" data-slide-to-show=\"2\" data-slick-autoplay=\"true\" data-slick-arrow=\"true\"><!-- Single Team --><div class=\"col-lg-4 col-md-6\" data-wow-delay=\"0.2s\"><div class=\"team-card\"><div class=\"team-img\" data-mask-src=\"https:\/\/wordpress.vecurosoft.com\/knirpse\/wp-content\/uploads\/2022\/01\/t-mask.png\"><img decoding=\"async\" src=\"https:\/\/wordpress.vecurosoft.com\/knirpse\/wp-content\/uploads\/2022\/01\/t-1.jpg\" alt=\"t 1\"  \/><div class=\"team-content\"><div class=\"multi-social\"><a target=\"_blank\" href=\"http:\/\/facebook.com\"><i class=\"fab fa-facebook-f\"><\/i><\/a><a target=\"_blank\" href=\"http:\/\/twitter.com\"><i class=\"fab fa-twitter\"><\/i><\/a><a target=\"_blank\" href=\"http:\/\/pinterest.com\"><i class=\"fab fa-pinterest-p\"><\/i><\/a><a target=\"_blank\" href=\"http:\/\/linkedin.com\"><i class=\"fab fa-linkedin-in\"><\/i><\/a><\/div><\/div><\/div><button class=\"icon-btn expand-btn\"><i class=\"fas fa-share-alt\"><\/i><\/button><div class=\"team-info\"><h4 class=\"team-title\"><a href=\"https:\/\/wordpress.vecurosoft.com\/knirpse\/rose-marry\/\">Yudelky D\u00edaz<\/a><\/h4><span class=\"team-desig\">Propietario<\/span><\/div><\/div><\/div><!-- Single Team --><div class=\"col-lg-4 col-md-6\" data-wow-delay=\"0.4s\"><div class=\"team-card\"><div class=\"team-img\" data-mask-src=\"https:\/\/wordpress.vecurosoft.com\/knirpse\/wp-content\/uploads\/2022\/01\/t-mask.png\"><img decoding=\"async\" src=\"https:\/\/wordpress.vecurosoft.com\/knirpse\/wp-content\/uploads\/2022\/01\/t-2.jpg\" alt=\"t 2\"  \/><div class=\"team-content\"><div class=\"multi-social\"><a target=\"_blank\" href=\"http:\/\/facebook.com\"><i class=\"fab fa-facebook-f\"><\/i><\/a><a target=\"_blank\" href=\"http:\/\/twitter.com\"><i class=\"fab fa-twitter\"><\/i><\/a><a target=\"_blank\" href=\"http:\/\/pinterest.com\"><i class=\"fab fa-pinterest-p\"><\/i><\/a><a target=\"_blank\" href=\"http:\/\/linkedin.com\"><i class=\"fab fa-linkedin-in\"><\/i><\/a><\/div><\/div><\/div><button class=\"icon-btn expand-btn\"><i class=\"fas fa-share-alt\"><\/i><\/button><div class=\"team-info\"><h4 class=\"team-title\"><a href=\"https:\/\/wordpress.vecurosoft.com\/knirpse\/rose-marry\/\">Jazm\u00edn D\u00edaz<\/a><\/h4><span class=\"team-desig\">Asistente<\/span><\/div><\/div><\/div><\/div><\/div><div class=\"shape-before\"><img decoding=\"async\" src=\"https:\/\/wordpress.vecurosoft.com\/knirpse\/wp-content\/uploads\/2022\/01\/before-shape-5.png\" alt=\"Yudy Day Care\"><\/div><div class=\"shape-after\"><img decoding=\"async\" src=\"https:\/\/wordpress.vecurosoft.com\/knirpse\/wp-content\/uploads\/2022\/01\/after-shape-5.png\" alt=\"Yudy Day Care\"><\/div><div class=\"shape-mockup movingX d-none d-sm-block\" data-top=\"18%\" data-left=\"12%\"><img decoding=\"async\" src=\"https:\/\/wordpress.vecurosoft.com\/knirpse\/wp-content\/uploads\/2022\/01\/doll-1.png\" alt=\"Yudy Day Care\"><\/div><div class=\"shape-mockup shapePulse d-none d-hd-block\" data-bottom=\"20%\" data-left=\"5%\"><img decoding=\"async\" src=\"https:\/\/wordpress.vecurosoft.com\/knirpse\/wp-content\/uploads\/2022\/01\/sun.png\" alt=\"Yudy Day Care\"><\/div><div class=\"shape-mockup moving d-none d-hd-block\" data-bottom=\"22%\" data-right=\"4%\"><img decoding=\"async\" src=\"https:\/\/wordpress.vecurosoft.com\/knirpse\/wp-content\/uploads\/2022\/01\/plane-1.png\" alt=\"Yudy Day Care\"><\/div><\/div><!-----------------------End Team Area----------------------->\t\t\t\t<\/div>\n\t\t\t\t<\/div>\n\t\t\t\t\t<\/div>\n\t\t<\/div>\n\t\t\t\t\t<\/div>\n\t\t<\/section>\n\t\t\t\t<section class=\"elementor-section elementor-top-section elementor-element elementor-element-7671b98 elementor-section-full_width elementor-section-height-default elementor-section-height-default\" data-id=\"7671b98\" data-element_type=\"section\" data-e-type=\"section\" data-settings=\"{&quot;background_background&quot;:&quot;classic&quot;}\">\n\t\t\t\t\t\t<div class=\"elementor-container elementor-column-gap-no\">\n\t\t\t\t\t<div class=\"elementor-column elementor-col-100 elementor-top-column elementor-element elementor-element-74efe96\" data-id=\"74efe96\" data-element_type=\"column\" data-e-type=\"column\">\n\t\t\t<div class=\"elementor-widget-wrap\">\n\t\t\t\t\t\t\t<\/div>\n\t\t<\/div>\n\t\t\t\t\t<\/div>\n\t\t<\/section>\n\t\t\t\t<\/div>","protected":false},"excerpt":{"rendered":"<p>About Yudy Daycar Special Care For Your Children Welcome to Yudy Daycare, where we\u2019ve been nurturing and educating young minds for over 12 years. Located in the heart of the Bronx at 1020 Gerard Avenue 3F, our daycare provides a safe, fun, and enriching environment for your children. At Yudy Daycare, we pride ourselves on&#8230;<\/p>","protected":false},"author":1,"featured_media":0,"parent":0,"menu_order":0,"comment_status":"closed","ping_status":"closed","template":"template-builder.php","meta":{"footnotes":""},"class_list":["post-596","page","type-page","status-publish","hentry"],"aioseo_notices":[],"_links":{"self":[{"href":"https:\/\/yudydaycare.com\/es\/wp-json\/wp\/v2\/pages\/596"}],"collection":[{"href":"https:\/\/yudydaycare.com\/es\/wp-json\/wp\/v2\/pages"}],"about":[{"href":"https:\/\/yudydaycare.com\/es\/wp-json\/wp\/v2\/types\/page"}],"author":[{"embeddable":true,"href":"https:\/\/yudydaycare.com\/es\/wp-json\/wp\/v2\/users\/1"}],"replies":[{"embeddable":true,"href":"https:\/\/yudydaycare.com\/es\/wp-json\/wp\/v2\/comments?post=596"}],"version-history":[{"count":16,"href":"https:\/\/yudydaycare.com\/es\/wp-json\/wp\/v2\/pages\/596\/revisions"}],"predecessor-version":[{"id":3806,"href":"https:\/\/yudydaycare.com\/es\/wp-json\/wp\/v2\/pages\/596\/revisions\/3806"}],"wp:attachment":[{"href":"https:\/\/yudydaycare.com\/es\/wp-json\/wp\/v2\/media?parent=596"}],"curies":[{"name":"wp","href":"https:\/\/api.w.org\/{rel}","templated":true}]}}