{"id":1384,"date":"2022-01-20T08:55:57","date_gmt":"2022-01-20T07:55:57","guid":{"rendered":"https:\/\/wordpress.vecurosoft.com\/kundax\/?page_id=1384"},"modified":"2024-09-09T11:57:50","modified_gmt":"2024-09-09T11:57:50","slug":"services","status":"publish","type":"page","link":"https:\/\/yudydaycare.com\/es\/services\/","title":{"rendered":"Servicios"},"content":{"rendered":"<div data-elementor-type=\"wp-page\" data-elementor-id=\"1384\" class=\"elementor elementor-1384\">\n\t\t\t\t\t\t<section class=\"elementor-section elementor-top-section elementor-element elementor-element-7e4c586 elementor-section-full_width elementor-section-height-default elementor-section-height-default\" data-id=\"7e4c586\" data-element_type=\"section\" data-e-type=\"section\" data-settings=\"{&quot;background_background&quot;:&quot;classic&quot;}\">\n\t\t\t\t\t\t\t<div class=\"elementor-background-overlay\"><\/div>\n\t\t\t\t\t\t\t<div class=\"elementor-container elementor-column-gap-no\">\n\t\t\t\t\t<div class=\"elementor-column elementor-col-100 elementor-top-column elementor-element elementor-element-4225484\" data-id=\"4225484\" data-element_type=\"column\" data-e-type=\"column\">\n\t\t\t<div class=\"elementor-widget-wrap elementor-element-populated\">\n\t\t\t\t\t\t<div class=\"elementor-element elementor-element-a787e93 elementor-widget elementor-widget-kundaxservicewidget\" data-id=\"a787e93\" data-element_type=\"widget\" data-e-type=\"widget\" data-widget_type=\"kundaxservicewidget.default\">\n\t\t\t\t<div class=\"elementor-widget-container\">\n\t\t\t\t\t<!-----------------------Start Serivice Slider Area-----------------------><div class=\"service-section space\"><div class=\"container\"><div class=\"row mb-30 align-items-center wow fadeInUp\" data-wow-delay=\"0.2s\"><\/div><div class=\"row gy-30\"><!-- Single Item --><div class=\"col-xl-4 col-md-6\"><div class=\"service-box\" data-overlay=\"title\" data-opacity=\"6\"><div class=\"service-img\"><img decoding=\"async\" src=\"http:\/\/yudydaycare.com\/wp-content\/uploads\/2024\/09\/2150268063-1.jpg\" alt=\"2150268063 1\"  \/><\/div><div class=\"service-content\"><div class=\"service-icon\"><img decoding=\"async\" src=\"http:\/\/yudydaycare.com\/wp-content\/uploads\/2022\/01\/sr-3.png\" alt=\"sr 3\"  \/><\/div><h3 class=\"service-title\"><a href=\"#\">Guarder\u00eda de jornada completa<\/a><\/h3><p class=\"service-text\">Atenci\u00f3n integral de 8 a 18 horas, de lunes a viernes, que proporciona un d\u00eda estructurado de aprendizaje, juego y descanso.<\/p><\/div><\/div><\/div><!-- Single Item --><div class=\"col-xl-4 col-md-6\"><div class=\"service-box\" data-overlay=\"title\" data-opacity=\"6\"><div class=\"service-img\"><img decoding=\"async\" src=\"http:\/\/yudydaycare.com\/wp-content\/uploads\/2024\/09\/128072.jpg\" alt=\"128072\"  \/><\/div><div class=\"service-content\"><div class=\"service-icon\"><img decoding=\"async\" src=\"http:\/\/yudydaycare.com\/wp-content\/uploads\/2022\/01\/sr-6.png\" alt=\"sr 6\"  \/><\/div><h3 class=\"service-title\"><a href=\"#\">Educaci\u00f3n infantil<\/a><\/h3><p class=\"service-text\">Actividades de aprendizaje adecuadas a la edad que estimulan el crecimiento intelectual y preparan a tu hijo para la escuela.<\/p><\/div><\/div><\/div><!-- Single Item --><div class=\"col-xl-4 col-md-6\"><div class=\"service-box\" data-overlay=\"title\" data-opacity=\"6\"><div class=\"service-img\"><img decoding=\"async\" src=\"http:\/\/yudydaycare.com\/wp-content\/uploads\/2024\/09\/2149398317.jpg\" alt=\"2149398317\"  \/><\/div><div class=\"service-content\"><div class=\"service-icon\"><img decoding=\"async\" src=\"http:\/\/yudydaycare.com\/wp-content\/uploads\/2022\/01\/sr-2.png\" alt=\"sr 2\"  \/><\/div><h3 class=\"service-title\"><a href=\"#\">Juegos al aire libre y actividades f\u00edsicas<\/a><\/h3><p class=\"service-text\">Tiempo de juego diario al aire libre para fomentar la salud f\u00edsica, el desarrollo de las habilidades motoras y la interacci\u00f3n social.<\/p><\/div><\/div><\/div><!-- Single Item --><div class=\"col-xl-4 col-md-6\"><div class=\"service-box\" data-overlay=\"title\" data-opacity=\"6\"><div class=\"service-img\"><img decoding=\"async\" src=\"http:\/\/yudydaycare.com\/wp-content\/uploads\/2024\/09\/2151401974.jpg\" alt=\"2151401974\"  \/><\/div><div class=\"service-content\"><div class=\"service-icon\"><img decoding=\"async\" src=\"http:\/\/yudydaycare.com\/wp-content\/uploads\/2022\/01\/sr-1.png\" alt=\"sr 1\"  \/><\/div><h3 class=\"service-title\"><a href=\"#\">Comidas y meriendas nutritivas<\/a><\/h3><p class=\"service-text\">Se ofrecen comidas y tentempi\u00e9s saludables para favorecer el bienestar y el crecimiento de cada ni\u00f1o.<\/p><\/div><\/div><\/div><!-- Single Item --><div class=\"col-xl-4 col-md-6\"><div class=\"service-box\" data-overlay=\"title\" data-opacity=\"6\"><div class=\"service-img\"><img decoding=\"async\" src=\"https:\/\/wordpress.vecurosoft.com\/knirpse\/wp-content\/uploads\/2022\/01\/s-5.jpg\" alt=\"s 5\"  \/><\/div><div class=\"service-content\"><div class=\"service-icon\"><img decoding=\"async\" src=\"https:\/\/wordpress.vecurosoft.com\/knirpse\/wp-content\/uploads\/2022\/01\/sr-5.png\" alt=\"sr 5\"  \/><\/div><h3 class=\"service-title\"><a href=\"#\">Desarrollo social y emocional<\/a><\/h3><p class=\"service-text\">Programas dise\u00f1ados para ayudar a los ni\u00f1os a desarrollar habilidades sociales, regulaci\u00f3n emocional y confianza en s\u00ed mismos.<\/p><\/div><\/div><\/div><!-- Single Item --><div class=\"col-xl-4 col-md-6\"><div class=\"service-box\" data-overlay=\"title\" data-opacity=\"6\"><div class=\"service-img\"><img decoding=\"async\" src=\"http:\/\/yudydaycare.com\/wp-content\/uploads\/2024\/09\/2147851814-1.jpg\" alt=\"2147851814 1\"  \/><\/div><div class=\"service-content\"><div class=\"service-icon\"><img decoding=\"async\" src=\"http:\/\/yudydaycare.com\/wp-content\/uploads\/2022\/01\/sr-4.png\" alt=\"sr 4\"  \/><\/div><h3 class=\"service-title\"><a href=\"#\">Artes y oficios creativos<\/a><\/h3><p class=\"service-text\">Actividades pr\u00e1cticas de arte y manualidades para inspirar la creatividad y el desarrollo de la motricidad fina.<\/p><\/div><\/div><\/div><!-- Single Item --><div class=\"col-xl-4 col-md-6\"><div class=\"service-box\" data-overlay=\"title\" data-opacity=\"6\"><div class=\"service-img\"><img decoding=\"async\" src=\"http:\/\/yudydaycare.com\/wp-content\/uploads\/2024\/09\/335-1.jpg\" alt=\"335 1\"  \/><\/div><div class=\"service-content\"><div class=\"service-icon\"><img decoding=\"async\" src=\"http:\/\/yudydaycare.com\/wp-content\/uploads\/2023\/12\/sr2-1.svg\" alt=\"sr2 1\"  \/><\/div><h3 class=\"service-title\"><a href=\"#\">M\u00fasica y movimiento<\/a><\/h3><p class=\"service-text\">Actividades basadas en la m\u00fasica que fomentan la expresi\u00f3n a trav\u00e9s del ritmo, la danza y el movimiento.<\/p><\/div><\/div><\/div><!-- Single Item --><div class=\"col-xl-4 col-md-6\"><div class=\"service-box\" data-overlay=\"title\" data-opacity=\"6\"><div class=\"service-img\"><img decoding=\"async\" src=\"http:\/\/yudydaycare.com\/wp-content\/uploads\/2024\/09\/2149110284.jpg\" alt=\"2149110284\"  \/><\/div><div class=\"service-content\"><div class=\"service-icon\"><img decoding=\"async\" src=\"http:\/\/yudydaycare.com\/wp-content\/uploads\/2023\/12\/sr2-3.svg\" alt=\"sr2 3\"  \/><\/div><h3 class=\"service-title\"><a href=\"#\">Desarrollo ling\u00fc\u00edstico<\/a><\/h3><p class=\"service-text\">Esfuerzos centrados en mejorar las habilidades comunicativas de su hijo, incluidos programas de alfabetizaci\u00f3n temprana.<\/p><\/div><\/div><\/div><!-- Single Item --><div class=\"col-xl-4 col-md-6\"><div class=\"service-box\" data-overlay=\"title\" data-opacity=\"6\"><div class=\"service-img\"><img decoding=\"async\" src=\"http:\/\/yudydaycare.com\/wp-content\/uploads\/2024\/09\/2148969798.jpg\" alt=\"2148969798\"  \/><\/div><div class=\"service-content\"><div class=\"service-icon\"><img decoding=\"async\" src=\"http:\/\/yudydaycare.com\/wp-content\/uploads\/2023\/12\/sr2-2.svg\" alt=\"sr2 2\"  \/><\/div><h3 class=\"service-title\"><a href=\"#\">Atenci\u00f3n extraescolar<\/a><\/h3><p class=\"service-text\">Opciones de cuidado prolongado disponibles para los ni\u00f1os que necesitan supervisi\u00f3n y actividades de enriquecimiento despu\u00e9s del horario escolar.<\/p><\/div><\/div><\/div><!-- Single Item --><div class=\"col-xl-4 col-md-6\"><div class=\"service-box\" data-overlay=\"title\" data-opacity=\"6\"><div class=\"service-img\"><img decoding=\"async\" src=\"http:\/\/yudydaycare.com\/wp-content\/uploads\/2024\/09\/2149504689.jpg\" alt=\"2149504689\"  \/><\/div><div class=\"service-content\"><div class=\"service-icon\"><img decoding=\"async\" src=\"http:\/\/yudydaycare.com\/wp-content\/uploads\/2022\/01\/sr-5.png\" alt=\"sr 5\"  \/><\/div><h3 class=\"service-title\"><a href=\"#\">Comunicaci\u00f3n entre padres y profesores<\/a><\/h3><p class=\"service-text\">Actualizaciones peri\u00f3dicas y reuniones con los padres para hablar de los progresos, hitos y preocupaciones de su hijo.\n<\/p><\/div><\/div><\/div><\/div><\/div><\/div><!-----------------------End Serivice Slider Area----------------------->\t\t\t\t<\/div>\n\t\t\t\t<\/div>\n\t\t\t\t\t<\/div>\n\t\t<\/div>\n\t\t\t\t\t<\/div>\n\t\t<\/section>\n\t\t\t\t<section class=\"elementor-section elementor-top-section elementor-element elementor-element-8272598 elementor-section-full_width elementor-section-height-default elementor-section-height-default\" data-id=\"8272598\" data-element_type=\"section\" data-e-type=\"section\" data-settings=\"{&quot;background_background&quot;:&quot;classic&quot;}\">\n\t\t\t\t\t\t<div class=\"elementor-container elementor-column-gap-no\">\n\t\t\t\t\t<div class=\"elementor-column elementor-col-100 elementor-top-column elementor-element elementor-element-d124732\" data-id=\"d124732\" data-element_type=\"column\" data-e-type=\"column\">\n\t\t\t<div class=\"elementor-widget-wrap elementor-element-populated\">\n\t\t\t\t\t\t<div class=\"elementor-element elementor-element-0f35b90 elementor-widget elementor-widget-kundaxappointmentwidget\" data-id=\"0f35b90\" data-element_type=\"widget\" data-e-type=\"widget\" data-widget_type=\"kundaxappointmentwidget.default\">\n\t\t\t\t<div class=\"elementor-widget-container\">\n\t\t\t\t\t<!-----------------------Start Appointment Area-----------------------><div class=\"mockup1 custom-class\"><div class=\"container\"><div class=\"row justify-content-center\"><div class=\"col-lg-9 text-center wow fadeInUp\" data-wow-delay=\"0.2s\"><img decoding=\"async\" src=\"https:\/\/wordpress.vecurosoft.com\/knirpse\/wp-content\/uploads\/2022\/01\/mail-big-icon.png\" alt=\"mail big icon\"  class=\"mb-70\" \/><h2 class=\"h1\">La inscripci\u00f3n ya est\u00e1 en marcha<\/h2><a href=\"https:\/\/yudydaycare.com\/es\/contact\/\" class=\"vs-btn wave-btn\">P\u00f3ngase en contacto con nosotros<\/a><\/div><\/div><\/div><\/div><!-----------------------End Appointment Area----------------------->\t\t\t\t<\/div>\n\t\t\t\t<\/div>\n\t\t\t\t\t<\/div>\n\t\t<\/div>\n\t\t\t\t\t<\/div>\n\t\t<\/section>\n\t\t\t\t<\/div>","protected":false},"excerpt":{"rendered":"<p>Full-Day Childcare Comprehensive care from 8 am to 6 pm, Monday through Friday, providing a structured day of learning, play, and rest. Early Childhood Education Age-appropriate learning activities that stimulate intellectual growth and prepare your child for school. Outdoor Play &amp; Physical Activities Daily outdoor playtime to promote physical health, motor skills development, and social&#8230;<\/p>","protected":false},"author":1,"featured_media":0,"parent":0,"menu_order":0,"comment_status":"closed","ping_status":"closed","template":"template-builder.php","meta":{"footnotes":""},"class_list":["post-1384","page","type-page","status-publish","hentry"],"aioseo_notices":[],"_links":{"self":[{"href":"https:\/\/yudydaycare.com\/es\/wp-json\/wp\/v2\/pages\/1384"}],"collection":[{"href":"https:\/\/yudydaycare.com\/es\/wp-json\/wp\/v2\/pages"}],"about":[{"href":"https:\/\/yudydaycare.com\/es\/wp-json\/wp\/v2\/types\/page"}],"author":[{"embeddable":true,"href":"https:\/\/yudydaycare.com\/es\/wp-json\/wp\/v2\/users\/1"}],"replies":[{"embeddable":true,"href":"https:\/\/yudydaycare.com\/es\/wp-json\/wp\/v2\/comments?post=1384"}],"version-history":[{"count":19,"href":"https:\/\/yudydaycare.com\/es\/wp-json\/wp\/v2\/pages\/1384\/revisions"}],"predecessor-version":[{"id":3465,"href":"https:\/\/yudydaycare.com\/es\/wp-json\/wp\/v2\/pages\/1384\/revisions\/3465"}],"wp:attachment":[{"href":"https:\/\/yudydaycare.com\/es\/wp-json\/wp\/v2\/media?parent=1384"}],"curies":[{"name":"wp","href":"https:\/\/api.w.org\/{rel}","templated":true}]}}